{"id":742,"date":"2024-05-21T17:08:44","date_gmt":"2024-05-21T15:08:44","guid":{"rendered":"https:\/\/dev3.estellemoulis-design.fr\/la-vigne-de-ma-mere\/"},"modified":"2025-03-07T12:44:07","modified_gmt":"2025-03-07T11:44:07","slug":"la-vigne-de-ma-mere","status":"publish","type":"page","link":"https:\/\/gourgazaud.com\/en\/our-wines\/la-vigne-de-ma-mere\/","title":{"rendered":"La vigne de ma m\u00e8re"},"content":{"rendered":"<p>[et_pb_section fb_built=&#8221;1&#8243; _builder_version=&#8221;4.25.1&#8243; _module_preset=&#8221;default&#8221; custom_margin=&#8221;0px||||false|false&#8221; custom_padding=&#8221;0px||||false|false&#8221; global_colors_info=&#8221;{}&#8221;][et_pb_row column_structure=&#8221;1_4,1_2,1_4&#8243; use_custom_gutter=&#8221;on&#8221; gutter_width=&#8221;2&#8243; _builder_version=&#8221;4.25.1&#8243; _module_preset=&#8221;default&#8221; width=&#8221;100%&#8221; max_width=&#8221;70%&#8221; global_colors_info=&#8221;{}&#8221;][et_pb_column type=&#8221;1_4&#8243; _builder_version=&#8221;4.25.1&#8243; _module_preset=&#8221;default&#8221; global_colors_info=&#8221;{}&#8221;][et_pb_text _builder_version=&#8221;4.25.1&#8243; _module_preset=&#8221;default&#8221; header_font=&#8221;|||on|||||&#8221; header_text_color=&#8221;#D14124&#8243; header_font_size=&#8221;35px&#8221; header_2_font=&#8221;|||on|||||&#8221; header_2_text_color=&#8221;#D14124&#8243; header_2_font_size=&#8221;39px&#8221; custom_margin=&#8221;||20px||false|false&#8221; custom_padding=&#8221;||||false|false&#8221; header_font_size_tablet=&#8221;35px&#8221; header_font_size_phone=&#8221;30px&#8221; header_font_size_last_edited=&#8221;on|tablet&#8221; header_2_font_size_tablet=&#8221;39px&#8221; header_2_font_size_phone=&#8221;35px&#8221; header_2_font_size_last_edited=&#8221;on|phone&#8221; custom_css_free_form=&#8221;@media(min-width: 981px) and (max-width: 1621px){||\th1{||    font-size:20px!important;||  }}&#8221; global_colors_info=&#8221;{}&#8221;]<\/p>\n<h1 style=\"text-align: left;\">la vigne de ma m\u00e8re<\/h1>\n<p>[\/et_pb_text][et_pb_divider _builder_version=&#8221;4.25.1&#8243; _module_preset=&#8221;default&#8221; width=&#8221;23%&#8221; module_alignment=&#8221;left&#8221; custom_margin=&#8221;||0px||false|false&#8221; custom_padding=&#8221;||||false|false&#8221; global_colors_info=&#8221;{}&#8221;][\/et_pb_divider][et_pb_text _builder_version=&#8221;4.25.1&#8243; _module_preset=&#8221;default&#8221; text_line_height=&#8221;1.2em&#8221; header_text_color=&#8221;#D14124&#8243; custom_margin=&#8221;||||false|false&#8221; custom_padding=&#8221;||||false|false&#8221; global_colors_info=&#8221;{}&#8221;]This exceptional cuv\u00e9e comes from a small schist soil vine enclosed by dry stone walls, nestled in a valley at 300 m of altitude. It overlooks the pine forests and dominates the Minervois.<\/p>\n<p><strong><span style=\"color: #d14124;\">Food matches<\/span><\/strong><br \/>\nAperitif wine, served with foie gras, asparagus or spicy cheeses such as roquefort. Serve at 6 \u2013 8\u00b0C.[\/et_pb_text][\/et_pb_column][et_pb_column type=&#8221;1_2&#8243; _builder_version=&#8221;4.25.1&#8243; _module_preset=&#8221;default&#8221; global_colors_info=&#8221;{}&#8221;][et_pb_image src=&#8221;https:\/\/gourgazaud.com\/wp-content\/uploads\/2024\/05\/La-vigne-de-ma-mere-La-Liviniere-1.jpg&#8221; alt=&#8221;La vigne de ma m\u00e8re La Livini\u00e8re&#8221; title_text=&#8221;La-vigne-de-ma-mere-La-Liviniere&#8221; show_in_lightbox=&#8221;on&#8221; align=&#8221;center&#8221; _builder_version=&#8221;4.25.1&#8243; _module_preset=&#8221;default&#8221; global_colors_info=&#8221;{}&#8221;][\/et_pb_image][\/et_pb_column][et_pb_column type=&#8221;1_4&#8243; _builder_version=&#8221;4.25.1&#8243; _module_preset=&#8221;default&#8221; global_colors_info=&#8221;{}&#8221;][et_pb_text _builder_version=&#8221;4.25.1&#8243; _module_preset=&#8221;default&#8221; text_line_height=&#8221;1.2em&#8221; header_text_color=&#8221;#D14124&#8243; custom_margin=&#8221;||||false|false&#8221; custom_padding=&#8221;||||false|false&#8221; global_colors_info=&#8221;{}&#8221;]<\/p>\n<p><span style=\"color: #d14124;\"><strong>Appellation<\/strong><\/span><br \/><span>IGP Oc.<\/span><\/p>\n<p><strong><span style=\"color: #d14124;\">Grape variety<\/span><\/strong><br \/><span>Viognier 100%.<\/span><\/p>\n<p><strong><span style=\"color: #d14124;\">Age of the vines<\/span><\/strong><br \/><span>25 years.<\/span><\/p>\n<p><strong><span style=\"color: #d14124;\">Terroirs<\/span><\/strong><br \/><span>Schistes.<\/span><\/p>\n<p><strong><span style=\"color: #d14124;\">Mode of driving the vines<\/span><\/strong><br \/><span>Cordon de Royat.<\/span><\/p>\n<p><strong><span style=\"color: #d14124;\">Yield<\/span><\/strong><br \/><span>15 hl\/ha.<\/span><\/p>\n<p><strong><span style=\"color: #d14124;\">Vinification<\/span><\/strong><br \/><span>Whole grapes harvested by hand in boxes of 10 kgs. Fermentation in old barrels.<\/span><\/p>\n<p><strong><span style=\"color: #d14124;\">Aging<\/span><\/strong><br \/><span>In oak barrels for a year.<\/span><\/p>\n<p><strong><span style=\"color: #d14124;\">Tasting notes<\/span><\/strong><br \/><span>Beautiful golden bud, complex nose with notes of honey and slivered almonds, dense mouth with remarkable length and minerality that reflects its terroir.<\/span><\/p>\n<p>[\/et_pb_text][et_pb_button button_url=&#8221;https:\/\/gourgazaud.com\/wp-content\/uploads\/2025\/03\/LA-VIGNE-DE-MA-MERE-GB.pdf&#8221; url_new_window=&#8221;on&#8221; button_text=&#8221;t\u00e9l\u00e9charger&#8221; button_alignment=&#8221;left&#8221; _builder_version=&#8221;4.27.4&#8243; _module_preset=&#8221;default&#8221; custom_button=&#8221;on&#8221; button_text_size=&#8221;16px&#8221; button_text_color=&#8221;#041E42&#8243; button_bg_color=&#8221;RGBA(255,255,255,0)&#8221; button_border_width=&#8221;1px&#8221; button_border_color=&#8221;#041E42&#8243; button_border_radius=&#8221;0px&#8221; button_letter_spacing=&#8221;1px&#8221; button_font=&#8221;|800||on|||||&#8221; button_use_icon=&#8221;off&#8221; custom_margin=&#8221;||15px||false|false&#8221; hover_enabled=&#8221;0&#8243; locked=&#8221;off&#8221; global_colors_info=&#8221;{}&#8221; button_text_color__hover=&#8221;#FFFFFF&#8221; button_text_color__hover_enabled=&#8221;on|hover&#8221; button_bg_color__hover=&#8221;#041E42&#8243; button_bg_color__hover_enabled=&#8221;on|desktop&#8221; sticky_enabled=&#8221;0&#8243;][\/et_pb_button][\/et_pb_column][\/et_pb_row][\/et_pb_section]<\/p>\n","protected":false},"excerpt":{"rendered":"<p>la vigne de ma m\u00e8reThis exceptional cuv\u00e9e comes from a small schist soil vine enclosed by dry stone walls, nestled in a valley at 300 m of altitude. It overlooks the pine forests and dominates the Minervois. Food matches Aperitif wine, served with foie gras, asparagus or spicy cheeses such as roquefort. Serve at 6 [&hellip;]<\/p>\n","protected":false},"author":1,"featured_media":664,"parent":767,"menu_order":0,"comment_status":"closed","ping_status":"closed","template":"","meta":{"_et_pb_use_builder":"on","_et_pb_old_content":"","_et_gb_content_width":"","footnotes":""},"class_list":["post-742","page","type-page","status-publish","has-post-thumbnail","hentry"],"yoast_head":"<!-- This site is optimized with the Yoast SEO plugin v27.3 - https:\/\/yoast.com\/product\/yoast-seo-wordpress\/ -->\n<title>CH\u00c2TEAU DE GOURGAZAUD | La Livini\u00e8re | La Vigne de Ma M\u00e8re<\/title>\n<meta name=\"description\" content=\"This exceptional cuv\u00e9e comes from a small schist soil vine enclosed by dry stone walls, nestled in a valley at 300 m of altitude.\" \/>\n<meta name=\"robots\" content=\"index, follow, max-snippet:-1, max-image-preview:large, max-video-preview:-1\" \/>\n<link rel=\"canonical\" href=\"https:\/\/gourgazaud.com\/en\/our-wines\/la-vigne-de-ma-mere\/\" \/>\n<meta property=\"og:locale\" content=\"en_US\" \/>\n<meta property=\"og:type\" content=\"article\" \/>\n<meta property=\"og:title\" content=\"CH\u00c2TEAU DE GOURGAZAUD | La Livini\u00e8re | La Vigne de Ma M\u00e8re\" \/>\n<meta property=\"og:description\" content=\"This exceptional cuv\u00e9e comes from a small schist soil vine enclosed by dry stone walls, nestled in a valley at 300 m of altitude.\" \/>\n<meta property=\"og:url\" content=\"https:\/\/gourgazaud.com\/en\/our-wines\/la-vigne-de-ma-mere\/\" \/>\n<meta property=\"og:site_name\" content=\"Ch\u00e2teau de Gourgazaud\" \/>\n<meta property=\"article:publisher\" content=\"https:\/\/www.facebook.com\/Chateaudegourgazaud\/\" \/>\n<meta property=\"article:modified_time\" content=\"2025-03-07T11:44:07+00:00\" \/>\n<meta property=\"og:image\" content=\"https:\/\/gourgazaud.com\/wp-content\/uploads\/2024\/05\/La-vigne-de-ma-mere-Chateau-de-Gourgazaud.jpg\" \/>\n\t<meta property=\"og:image:width\" content=\"1000\" \/>\n\t<meta property=\"og:image:height\" content=\"1123\" \/>\n\t<meta property=\"og:image:type\" content=\"image\/jpeg\" \/>\n<meta name=\"twitter:card\" content=\"summary_large_image\" \/>\n<meta name=\"twitter:label1\" content=\"Est. reading time\" \/>\n\t<meta name=\"twitter:data1\" content=\"2 minutes\" \/>\n<script type=\"application\/ld+json\" class=\"yoast-schema-graph\">{\"@context\":\"https:\\\/\\\/schema.org\",\"@graph\":[{\"@type\":\"WebPage\",\"@id\":\"https:\\\/\\\/gourgazaud.com\\\/en\\\/our-wines\\\/la-vigne-de-ma-mere\\\/\",\"url\":\"https:\\\/\\\/gourgazaud.com\\\/en\\\/our-wines\\\/la-vigne-de-ma-mere\\\/\",\"name\":\"CH\u00c2TEAU DE GOURGAZAUD | La Livini\u00e8re | La Vigne de Ma M\u00e8re\",\"isPartOf\":{\"@id\":\"https:\\\/\\\/gourgazaud.com\\\/en\\\/#website\"},\"primaryImageOfPage\":{\"@id\":\"https:\\\/\\\/gourgazaud.com\\\/en\\\/our-wines\\\/la-vigne-de-ma-mere\\\/#primaryimage\"},\"image\":{\"@id\":\"https:\\\/\\\/gourgazaud.com\\\/en\\\/our-wines\\\/la-vigne-de-ma-mere\\\/#primaryimage\"},\"thumbnailUrl\":\"https:\\\/\\\/gourgazaud.com\\\/wp-content\\\/uploads\\\/2024\\\/05\\\/La-vigne-de-ma-mere-Chateau-de-Gourgazaud.jpg\",\"datePublished\":\"2024-05-21T15:08:44+00:00\",\"dateModified\":\"2025-03-07T11:44:07+00:00\",\"description\":\"This exceptional cuv\u00e9e comes from a small schist soil vine enclosed by dry stone walls, nestled in a valley at 300 m of altitude.\",\"breadcrumb\":{\"@id\":\"https:\\\/\\\/gourgazaud.com\\\/en\\\/our-wines\\\/la-vigne-de-ma-mere\\\/#breadcrumb\"},\"inLanguage\":\"en-US\",\"potentialAction\":[{\"@type\":\"ReadAction\",\"target\":[\"https:\\\/\\\/gourgazaud.com\\\/en\\\/our-wines\\\/la-vigne-de-ma-mere\\\/\"]}]},{\"@type\":\"ImageObject\",\"inLanguage\":\"en-US\",\"@id\":\"https:\\\/\\\/gourgazaud.com\\\/en\\\/our-wines\\\/la-vigne-de-ma-mere\\\/#primaryimage\",\"url\":\"https:\\\/\\\/gourgazaud.com\\\/wp-content\\\/uploads\\\/2024\\\/05\\\/La-vigne-de-ma-mere-Chateau-de-Gourgazaud.jpg\",\"contentUrl\":\"https:\\\/\\\/gourgazaud.com\\\/wp-content\\\/uploads\\\/2024\\\/05\\\/La-vigne-de-ma-mere-Chateau-de-Gourgazaud.jpg\",\"width\":1000,\"height\":1123},{\"@type\":\"BreadcrumbList\",\"@id\":\"https:\\\/\\\/gourgazaud.com\\\/en\\\/our-wines\\\/la-vigne-de-ma-mere\\\/#breadcrumb\",\"itemListElement\":[{\"@type\":\"ListItem\",\"position\":1,\"name\":\"Accueil\",\"item\":\"https:\\\/\\\/gourgazaud.com\\\/en\\\/\"},{\"@type\":\"ListItem\",\"position\":2,\"name\":\"Our wines\",\"item\":\"https:\\\/\\\/gourgazaud.com\\\/en\\\/our-wines\\\/\"},{\"@type\":\"ListItem\",\"position\":3,\"name\":\"La vigne de ma m\u00e8re\"}]},{\"@type\":\"WebSite\",\"@id\":\"https:\\\/\\\/gourgazaud.com\\\/en\\\/#website\",\"url\":\"https:\\\/\\\/gourgazaud.com\\\/en\\\/\",\"name\":\"Ch\u00e2teau de Gourgazaud\",\"description\":\"Grands vins de la Livini\u00e8re\",\"publisher\":{\"@id\":\"https:\\\/\\\/gourgazaud.com\\\/en\\\/#organization\"},\"potentialAction\":[{\"@type\":\"SearchAction\",\"target\":{\"@type\":\"EntryPoint\",\"urlTemplate\":\"https:\\\/\\\/gourgazaud.com\\\/en\\\/?s={search_term_string}\"},\"query-input\":{\"@type\":\"PropertyValueSpecification\",\"valueRequired\":true,\"valueName\":\"search_term_string\"}}],\"inLanguage\":\"en-US\"},{\"@type\":\"Organization\",\"@id\":\"https:\\\/\\\/gourgazaud.com\\\/en\\\/#organization\",\"name\":\"Ch\u00e2teau de Gourgazaud\",\"url\":\"https:\\\/\\\/gourgazaud.com\\\/en\\\/\",\"logo\":{\"@type\":\"ImageObject\",\"inLanguage\":\"en-US\",\"@id\":\"https:\\\/\\\/gourgazaud.com\\\/en\\\/#\\\/schema\\\/logo\\\/image\\\/\",\"url\":\"https:\\\/\\\/gourgazaud.com\\\/wp-content\\\/uploads\\\/2024\\\/05\\\/Logo_chateau-de-gourgazaud.png\",\"contentUrl\":\"https:\\\/\\\/gourgazaud.com\\\/wp-content\\\/uploads\\\/2024\\\/05\\\/Logo_chateau-de-gourgazaud.png\",\"width\":468,\"height\":309,\"caption\":\"Ch\u00e2teau de Gourgazaud\"},\"image\":{\"@id\":\"https:\\\/\\\/gourgazaud.com\\\/en\\\/#\\\/schema\\\/logo\\\/image\\\/\"},\"sameAs\":[\"https:\\\/\\\/www.facebook.com\\\/Chateaudegourgazaud\\\/\",\"https:\\\/\\\/www.instagram.com\\\/chateau_de_gourgazaud\\\/\"]}]}<\/script>\n<!-- \/ Yoast SEO plugin. -->","yoast_head_json":{"title":"CH\u00c2TEAU DE GOURGAZAUD | La Livini\u00e8re | La Vigne de Ma M\u00e8re","description":"This exceptional cuv\u00e9e comes from a small schist soil vine enclosed by dry stone walls, nestled in a valley at 300 m of altitude.","robots":{"index":"index","follow":"follow","max-snippet":"max-snippet:-1","max-image-preview":"max-image-preview:large","max-video-preview":"max-video-preview:-1"},"canonical":"https:\/\/gourgazaud.com\/en\/our-wines\/la-vigne-de-ma-mere\/","og_locale":"en_US","og_type":"article","og_title":"CH\u00c2TEAU DE GOURGAZAUD | La Livini\u00e8re | La Vigne de Ma M\u00e8re","og_description":"This exceptional cuv\u00e9e comes from a small schist soil vine enclosed by dry stone walls, nestled in a valley at 300 m of altitude.","og_url":"https:\/\/gourgazaud.com\/en\/our-wines\/la-vigne-de-ma-mere\/","og_site_name":"Ch\u00e2teau de Gourgazaud","article_publisher":"https:\/\/www.facebook.com\/Chateaudegourgazaud\/","article_modified_time":"2025-03-07T11:44:07+00:00","og_image":[{"width":1000,"height":1123,"url":"https:\/\/gourgazaud.com\/wp-content\/uploads\/2024\/05\/La-vigne-de-ma-mere-Chateau-de-Gourgazaud.jpg","type":"image\/jpeg"}],"twitter_card":"summary_large_image","twitter_misc":{"Est. reading time":"2 minutes"},"schema":{"@context":"https:\/\/schema.org","@graph":[{"@type":"WebPage","@id":"https:\/\/gourgazaud.com\/en\/our-wines\/la-vigne-de-ma-mere\/","url":"https:\/\/gourgazaud.com\/en\/our-wines\/la-vigne-de-ma-mere\/","name":"CH\u00c2TEAU DE GOURGAZAUD | La Livini\u00e8re | La Vigne de Ma M\u00e8re","isPartOf":{"@id":"https:\/\/gourgazaud.com\/en\/#website"},"primaryImageOfPage":{"@id":"https:\/\/gourgazaud.com\/en\/our-wines\/la-vigne-de-ma-mere\/#primaryimage"},"image":{"@id":"https:\/\/gourgazaud.com\/en\/our-wines\/la-vigne-de-ma-mere\/#primaryimage"},"thumbnailUrl":"https:\/\/gourgazaud.com\/wp-content\/uploads\/2024\/05\/La-vigne-de-ma-mere-Chateau-de-Gourgazaud.jpg","datePublished":"2024-05-21T15:08:44+00:00","dateModified":"2025-03-07T11:44:07+00:00","description":"This exceptional cuv\u00e9e comes from a small schist soil vine enclosed by dry stone walls, nestled in a valley at 300 m of altitude.","breadcrumb":{"@id":"https:\/\/gourgazaud.com\/en\/our-wines\/la-vigne-de-ma-mere\/#breadcrumb"},"inLanguage":"en-US","potentialAction":[{"@type":"ReadAction","target":["https:\/\/gourgazaud.com\/en\/our-wines\/la-vigne-de-ma-mere\/"]}]},{"@type":"ImageObject","inLanguage":"en-US","@id":"https:\/\/gourgazaud.com\/en\/our-wines\/la-vigne-de-ma-mere\/#primaryimage","url":"https:\/\/gourgazaud.com\/wp-content\/uploads\/2024\/05\/La-vigne-de-ma-mere-Chateau-de-Gourgazaud.jpg","contentUrl":"https:\/\/gourgazaud.com\/wp-content\/uploads\/2024\/05\/La-vigne-de-ma-mere-Chateau-de-Gourgazaud.jpg","width":1000,"height":1123},{"@type":"BreadcrumbList","@id":"https:\/\/gourgazaud.com\/en\/our-wines\/la-vigne-de-ma-mere\/#breadcrumb","itemListElement":[{"@type":"ListItem","position":1,"name":"Accueil","item":"https:\/\/gourgazaud.com\/en\/"},{"@type":"ListItem","position":2,"name":"Our wines","item":"https:\/\/gourgazaud.com\/en\/our-wines\/"},{"@type":"ListItem","position":3,"name":"La vigne de ma m\u00e8re"}]},{"@type":"WebSite","@id":"https:\/\/gourgazaud.com\/en\/#website","url":"https:\/\/gourgazaud.com\/en\/","name":"Ch\u00e2teau de Gourgazaud","description":"Grands vins de la Livini\u00e8re","publisher":{"@id":"https:\/\/gourgazaud.com\/en\/#organization"},"potentialAction":[{"@type":"SearchAction","target":{"@type":"EntryPoint","urlTemplate":"https:\/\/gourgazaud.com\/en\/?s={search_term_string}"},"query-input":{"@type":"PropertyValueSpecification","valueRequired":true,"valueName":"search_term_string"}}],"inLanguage":"en-US"},{"@type":"Organization","@id":"https:\/\/gourgazaud.com\/en\/#organization","name":"Ch\u00e2teau de Gourgazaud","url":"https:\/\/gourgazaud.com\/en\/","logo":{"@type":"ImageObject","inLanguage":"en-US","@id":"https:\/\/gourgazaud.com\/en\/#\/schema\/logo\/image\/","url":"https:\/\/gourgazaud.com\/wp-content\/uploads\/2024\/05\/Logo_chateau-de-gourgazaud.png","contentUrl":"https:\/\/gourgazaud.com\/wp-content\/uploads\/2024\/05\/Logo_chateau-de-gourgazaud.png","width":468,"height":309,"caption":"Ch\u00e2teau de Gourgazaud"},"image":{"@id":"https:\/\/gourgazaud.com\/en\/#\/schema\/logo\/image\/"},"sameAs":["https:\/\/www.facebook.com\/Chateaudegourgazaud\/","https:\/\/www.instagram.com\/chateau_de_gourgazaud\/"]}]}},"jetpack_sharing_enabled":true,"_links":{"self":[{"href":"https:\/\/gourgazaud.com\/en\/wp-json\/wp\/v2\/pages\/742","targetHints":{"allow":["GET"]}}],"collection":[{"href":"https:\/\/gourgazaud.com\/en\/wp-json\/wp\/v2\/pages"}],"about":[{"href":"https:\/\/gourgazaud.com\/en\/wp-json\/wp\/v2\/types\/page"}],"author":[{"embeddable":true,"href":"https:\/\/gourgazaud.com\/en\/wp-json\/wp\/v2\/users\/1"}],"replies":[{"embeddable":true,"href":"https:\/\/gourgazaud.com\/en\/wp-json\/wp\/v2\/comments?post=742"}],"version-history":[{"count":4,"href":"https:\/\/gourgazaud.com\/en\/wp-json\/wp\/v2\/pages\/742\/revisions"}],"predecessor-version":[{"id":12579,"href":"https:\/\/gourgazaud.com\/en\/wp-json\/wp\/v2\/pages\/742\/revisions\/12579"}],"up":[{"embeddable":true,"href":"https:\/\/gourgazaud.com\/en\/wp-json\/wp\/v2\/pages\/767"}],"wp:featuredmedia":[{"embeddable":true,"href":"https:\/\/gourgazaud.com\/en\/wp-json\/wp\/v2\/media\/664"}],"wp:attachment":[{"href":"https:\/\/gourgazaud.com\/en\/wp-json\/wp\/v2\/media?parent=742"}],"curies":[{"name":"wp","href":"https:\/\/api.w.org\/{rel}","templated":true}]}}