{"id":752,"date":"2024-05-08T15:16:31","date_gmt":"2024-05-08T13:16:31","guid":{"rendered":"https:\/\/dev3.estellemoulis-design.fr\/accueil\/"},"modified":"2025-11-11T17:26:51","modified_gmt":"2025-11-11T16:26:51","slug":"accueil","status":"publish","type":"page","link":"https:\/\/gourgazaud.com\/en\/","title":{"rendered":"Home"},"content":{"rendered":"<p>[et_pb_section fb_built=&#8221;1&#8243; fullwidth=&#8221;on&#8221; _builder_version=&#8221;4.25.1&#8243; _module_preset=&#8221;default&#8221; global_colors_info=&#8221;{}&#8221;][et_pb_fullwidth_slider _builder_version=&#8221;4.25.1&#8243; _module_preset=&#8221;default&#8221; parallax=&#8221;on&#8221; height_tablet=&#8221;900px&#8221; height_phone=&#8221;558px&#8221; height_last_edited=&#8221;on|tablet&#8221; auto=&#8221;on&#8221; auto_speed=&#8221;4000&#8243; auto_ignore_hover=&#8221;on&#8221; global_colors_info=&#8221;{}&#8221;][et_pb_slide heading=&#8221;CH\u00c2TEAU DE GOURGAZAUD&#8221; use_bg_overlay=&#8221;on&#8221; use_text_overlay=&#8221;off&#8221; _builder_version=&#8221;4.25.1&#8243; _module_preset=&#8221;default&#8221; header_level=&#8221;h1&#8243; header_font=&#8221;&#8211;et_global_heading_font||||||||&#8221; header_font_size=&#8221;70px&#8221; background_enable_color=&#8221;off&#8221; background_image=&#8221;https:\/\/gourgazaud.com\/wp-content\/uploads\/2024\/05\/Photo-aerienne-du-Chateau-Gourgazaud-Liviniere.jpg&#8221; background_enable_image=&#8221;on&#8221; background_position=&#8221;bottom_center&#8221; background_vertical_offset=&#8221;26%&#8221; header_font_size_tablet=&#8221;60px&#8221; header_font_size_phone=&#8221;30px&#8221; header_font_size_last_edited=&#8221;on|phone&#8221; header_text_shadow_style=&#8221;preset2&#8243; header_text_shadow_vertical_length=&#8221;0em&#8221; header_text_shadow_color=&#8221;#000000&#8243; global_colors_info=&#8221;{}&#8221; sticky_transition=&#8221;on&#8221;]<img loading=\"lazy\" decoding=\"async\" class=\"wp-image-215 alignnone size-medium\" style=\"display: block; margin-left: auto; margin-right: auto;\" src=\"https:\/\/gourgazaud.com\/wp-content\/uploads\/2024\/05\/une-histoire-de-fille-300x61.png\" alt=\"\" width=\"231\" height=\"47\" srcset=\"https:\/\/gourgazaud.com\/wp-content\/uploads\/2024\/05\/une-histoire-de-fille-300x61.png 300w, https:\/\/gourgazaud.com\/wp-content\/uploads\/2024\/05\/une-histoire-de-fille.png 348w\" sizes=\"(max-width: 231px) 100vw, 231px\" \/><br \/>\n[\/et_pb_slide][et_pb_slide heading=&#8221;PIQUET TIBURCE FAMILY&#8221; use_bg_overlay=&#8221;on&#8221; use_text_overlay=&#8221;off&#8221; _builder_version=&#8221;4.25.1&#8243; _module_preset=&#8221;default&#8221; header_level=&#8221;h2&#8243; header_font=&#8221;&#8211;et_global_heading_font||||||||&#8221; header_font_size=&#8221;70px&#8221; background_enable_color=&#8221;off&#8221; background_image=&#8221;https:\/\/gourgazaud.com\/wp-content\/uploads\/2024\/05\/Vendange-a-la-main-a-la-Liviniere.jpg&#8221; background_enable_image=&#8221;on&#8221; background_position=&#8221;bottom_center&#8221; background_vertical_offset=&#8221;26%&#8221; header_font_size_tablet=&#8221;60px&#8221; header_font_size_phone=&#8221;30px&#8221; header_font_size_last_edited=&#8221;on|phone&#8221; header_text_shadow_style=&#8221;preset2&#8243; header_text_shadow_vertical_length=&#8221;0em&#8221; header_text_shadow_color=&#8221;#000000&#8243; global_colors_info=&#8221;{}&#8221; sticky_transition=&#8221;on&#8221;]<\/p>\n<p style=\"text-align: center;\"><img loading=\"lazy\" decoding=\"async\" class=\"wp-image-204 alignnone size-full\" src=\"https:\/\/gourgazaud.com\/wp-content\/uploads\/2024\/05\/separator1.png\" alt=\"\" width=\"125\" height=\"13\" \/><\/p>\n<p>[\/et_pb_slide][et_pb_slide heading=&#8221;GREAT WINES OF LA LIVINI\u00c8RE&#8221; use_bg_overlay=&#8221;on&#8221; use_text_overlay=&#8221;off&#8221; _builder_version=&#8221;4.25.1&#8243; _module_preset=&#8221;default&#8221; header_level=&#8221;h2&#8243; header_font=&#8221;&#8211;et_global_heading_font|||on|||||&#8221; header_font_size=&#8221;70px&#8221; background_enable_color=&#8221;off&#8221; background_image=&#8221;https:\/\/gourgazaud.com\/wp-content\/uploads\/2024\/05\/Panneau-de-direction-gourgazaud-La-Liviniere.jpg&#8221; background_enable_image=&#8221;on&#8221; header_font_size_tablet=&#8221;60px&#8221; header_font_size_phone=&#8221;30px&#8221; header_font_size_last_edited=&#8221;on|phone&#8221; header_text_shadow_style=&#8221;preset2&#8243; header_text_shadow_vertical_length=&#8221;0em&#8221; header_text_shadow_color=&#8221;#000000&#8243; global_colors_info=&#8221;{}&#8221; sticky_transition=&#8221;on&#8221;]<\/p>\n<p style=\"text-align: center;\"><img loading=\"lazy\" decoding=\"async\" class=\"wp-image-204 alignnone size-full\" src=\"https:\/\/gourgazaud.com\/wp-content\/uploads\/2024\/05\/separator1.png\" alt=\"\" width=\"125\" height=\"13\" \/><\/p>\n<p>[\/et_pb_slide][\/et_pb_fullwidth_slider][\/et_pb_section]<\/p>\n","protected":false},"excerpt":{"rendered":"","protected":false},"author":1,"featured_media":616,"parent":0,"menu_order":0,"comment_status":"closed","ping_status":"closed","template":"","meta":{"_et_pb_use_builder":"on","_et_pb_old_content":"","_et_gb_content_width":"","footnotes":""},"class_list":["post-752","page","type-page","status-publish","has-post-thumbnail","hentry"],"yoast_head":"<!-- This site is optimized with the Yoast SEO plugin v27.3 - https:\/\/yoast.com\/product\/yoast-seo-wordpress\/ -->\n<title>CH\u00c2TEAU GOURGAZAUD | Minervois La Livini\u00e8re | A story of girls<\/title>\n<meta name=\"description\" content=\"Ch\u00e2teau Gourgazaud is a world unto itself where, under the impetus of Roger Piquet, the family has taken up the challenge of giving back to the Minervois land the pride of its vines and its wines.\" \/>\n<meta name=\"robots\" content=\"index, follow, max-snippet:-1, max-image-preview:large, max-video-preview:-1\" \/>\n<link rel=\"canonical\" href=\"https:\/\/gourgazaud.com\/en\/\" \/>\n<meta property=\"og:locale\" content=\"en_US\" \/>\n<meta property=\"og:type\" content=\"article\" \/>\n<meta property=\"og:title\" content=\"CH\u00c2TEAU GOURGAZAUD | Minervois La Livini\u00e8re | A story of girls\" \/>\n<meta property=\"og:description\" content=\"Ch\u00e2teau Gourgazaud is a world unto itself where, under the impetus of Roger Piquet, the family has taken up the challenge of giving back to the Minervois land the pride of its vines and its wines.\" \/>\n<meta property=\"og:url\" content=\"https:\/\/gourgazaud.com\/en\/\" \/>\n<meta property=\"og:site_name\" content=\"Ch\u00e2teau de Gourgazaud\" \/>\n<meta property=\"article:publisher\" content=\"https:\/\/www.facebook.com\/Chateaudegourgazaud\/\" \/>\n<meta property=\"article:modified_time\" content=\"2025-11-11T16:26:51+00:00\" \/>\n<meta property=\"og:image\" content=\"https:\/\/gourgazaud.com\/wp-content\/uploads\/2024\/05\/Photo-aerienne-du-Chateau-Gourgazaud-Liviniere.jpg\" \/>\n\t<meta property=\"og:image:width\" content=\"1920\" \/>\n\t<meta property=\"og:image:height\" content=\"899\" \/>\n\t<meta property=\"og:image:type\" content=\"image\/jpeg\" \/>\n<meta name=\"twitter:card\" content=\"summary_large_image\" \/>\n<meta name=\"twitter:label1\" content=\"Est. reading time\" \/>\n\t<meta name=\"twitter:data1\" content=\"2 minutes\" \/>\n<script type=\"application\/ld+json\" class=\"yoast-schema-graph\">{\"@context\":\"https:\\\/\\\/schema.org\",\"@graph\":[{\"@type\":\"WebPage\",\"@id\":\"https:\\\/\\\/gourgazaud.com\\\/en\\\/\",\"url\":\"https:\\\/\\\/gourgazaud.com\\\/en\\\/\",\"name\":\"CH\u00c2TEAU GOURGAZAUD | Minervois La Livini\u00e8re | A story of girls\",\"isPartOf\":{\"@id\":\"https:\\\/\\\/gourgazaud.com\\\/en\\\/#website\"},\"primaryImageOfPage\":{\"@id\":\"https:\\\/\\\/gourgazaud.com\\\/en\\\/#primaryimage\"},\"image\":{\"@id\":\"https:\\\/\\\/gourgazaud.com\\\/en\\\/#primaryimage\"},\"thumbnailUrl\":\"https:\\\/\\\/gourgazaud.com\\\/wp-content\\\/uploads\\\/2024\\\/05\\\/Photo-aerienne-du-Chateau-Gourgazaud-Liviniere.jpg\",\"datePublished\":\"2024-05-08T13:16:31+00:00\",\"dateModified\":\"2025-11-11T16:26:51+00:00\",\"description\":\"Ch\u00e2teau Gourgazaud is a world unto itself where, under the impetus of Roger Piquet, the family has taken up the challenge of giving back to the Minervois land the pride of its vines and its wines.\",\"breadcrumb\":{\"@id\":\"https:\\\/\\\/gourgazaud.com\\\/en\\\/#breadcrumb\"},\"inLanguage\":\"en-US\",\"potentialAction\":[{\"@type\":\"ReadAction\",\"target\":[\"https:\\\/\\\/gourgazaud.com\\\/en\\\/\"]}]},{\"@type\":\"ImageObject\",\"inLanguage\":\"en-US\",\"@id\":\"https:\\\/\\\/gourgazaud.com\\\/en\\\/#primaryimage\",\"url\":\"https:\\\/\\\/gourgazaud.com\\\/wp-content\\\/uploads\\\/2024\\\/05\\\/Photo-aerienne-du-Chateau-Gourgazaud-Liviniere.jpg\",\"contentUrl\":\"https:\\\/\\\/gourgazaud.com\\\/wp-content\\\/uploads\\\/2024\\\/05\\\/Photo-aerienne-du-Chateau-Gourgazaud-Liviniere.jpg\",\"width\":1920,\"height\":899},{\"@type\":\"BreadcrumbList\",\"@id\":\"https:\\\/\\\/gourgazaud.com\\\/en\\\/#breadcrumb\",\"itemListElement\":[{\"@type\":\"ListItem\",\"position\":1,\"name\":\"Accueil\",\"item\":\"https:\\\/\\\/gourgazaud.com\\\/en\\\/\"},{\"@type\":\"ListItem\",\"position\":2,\"name\":\"Home\"}]},{\"@type\":\"WebSite\",\"@id\":\"https:\\\/\\\/gourgazaud.com\\\/en\\\/#website\",\"url\":\"https:\\\/\\\/gourgazaud.com\\\/en\\\/\",\"name\":\"Ch\u00e2teau de Gourgazaud\",\"description\":\"Grands vins de la Livini\u00e8re\",\"publisher\":{\"@id\":\"https:\\\/\\\/gourgazaud.com\\\/en\\\/#organization\"},\"potentialAction\":[{\"@type\":\"SearchAction\",\"target\":{\"@type\":\"EntryPoint\",\"urlTemplate\":\"https:\\\/\\\/gourgazaud.com\\\/en\\\/?s={search_term_string}\"},\"query-input\":{\"@type\":\"PropertyValueSpecification\",\"valueRequired\":true,\"valueName\":\"search_term_string\"}}],\"inLanguage\":\"en-US\"},{\"@type\":\"Organization\",\"@id\":\"https:\\\/\\\/gourgazaud.com\\\/en\\\/#organization\",\"name\":\"Ch\u00e2teau de Gourgazaud\",\"url\":\"https:\\\/\\\/gourgazaud.com\\\/en\\\/\",\"logo\":{\"@type\":\"ImageObject\",\"inLanguage\":\"en-US\",\"@id\":\"https:\\\/\\\/gourgazaud.com\\\/en\\\/#\\\/schema\\\/logo\\\/image\\\/\",\"url\":\"https:\\\/\\\/gourgazaud.com\\\/wp-content\\\/uploads\\\/2024\\\/05\\\/Logo_chateau-de-gourgazaud.png\",\"contentUrl\":\"https:\\\/\\\/gourgazaud.com\\\/wp-content\\\/uploads\\\/2024\\\/05\\\/Logo_chateau-de-gourgazaud.png\",\"width\":468,\"height\":309,\"caption\":\"Ch\u00e2teau de Gourgazaud\"},\"image\":{\"@id\":\"https:\\\/\\\/gourgazaud.com\\\/en\\\/#\\\/schema\\\/logo\\\/image\\\/\"},\"sameAs\":[\"https:\\\/\\\/www.facebook.com\\\/Chateaudegourgazaud\\\/\",\"https:\\\/\\\/www.instagram.com\\\/chateau_de_gourgazaud\\\/\"]}]}<\/script>\n<!-- \/ Yoast SEO plugin. -->","yoast_head_json":{"title":"CH\u00c2TEAU GOURGAZAUD | Minervois La Livini\u00e8re | A story of girls","description":"Ch\u00e2teau Gourgazaud is a world unto itself where, under the impetus of Roger Piquet, the family has taken up the challenge of giving back to the Minervois land the pride of its vines and its wines.","robots":{"index":"index","follow":"follow","max-snippet":"max-snippet:-1","max-image-preview":"max-image-preview:large","max-video-preview":"max-video-preview:-1"},"canonical":"https:\/\/gourgazaud.com\/en\/","og_locale":"en_US","og_type":"article","og_title":"CH\u00c2TEAU GOURGAZAUD | Minervois La Livini\u00e8re | A story of girls","og_description":"Ch\u00e2teau Gourgazaud is a world unto itself where, under the impetus of Roger Piquet, the family has taken up the challenge of giving back to the Minervois land the pride of its vines and its wines.","og_url":"https:\/\/gourgazaud.com\/en\/","og_site_name":"Ch\u00e2teau de Gourgazaud","article_publisher":"https:\/\/www.facebook.com\/Chateaudegourgazaud\/","article_modified_time":"2025-11-11T16:26:51+00:00","og_image":[{"width":1920,"height":899,"url":"https:\/\/gourgazaud.com\/wp-content\/uploads\/2024\/05\/Photo-aerienne-du-Chateau-Gourgazaud-Liviniere.jpg","type":"image\/jpeg"}],"twitter_card":"summary_large_image","twitter_misc":{"Est. reading time":"2 minutes"},"schema":{"@context":"https:\/\/schema.org","@graph":[{"@type":"WebPage","@id":"https:\/\/gourgazaud.com\/en\/","url":"https:\/\/gourgazaud.com\/en\/","name":"CH\u00c2TEAU GOURGAZAUD | Minervois La Livini\u00e8re | A story of girls","isPartOf":{"@id":"https:\/\/gourgazaud.com\/en\/#website"},"primaryImageOfPage":{"@id":"https:\/\/gourgazaud.com\/en\/#primaryimage"},"image":{"@id":"https:\/\/gourgazaud.com\/en\/#primaryimage"},"thumbnailUrl":"https:\/\/gourgazaud.com\/wp-content\/uploads\/2024\/05\/Photo-aerienne-du-Chateau-Gourgazaud-Liviniere.jpg","datePublished":"2024-05-08T13:16:31+00:00","dateModified":"2025-11-11T16:26:51+00:00","description":"Ch\u00e2teau Gourgazaud is a world unto itself where, under the impetus of Roger Piquet, the family has taken up the challenge of giving back to the Minervois land the pride of its vines and its wines.","breadcrumb":{"@id":"https:\/\/gourgazaud.com\/en\/#breadcrumb"},"inLanguage":"en-US","potentialAction":[{"@type":"ReadAction","target":["https:\/\/gourgazaud.com\/en\/"]}]},{"@type":"ImageObject","inLanguage":"en-US","@id":"https:\/\/gourgazaud.com\/en\/#primaryimage","url":"https:\/\/gourgazaud.com\/wp-content\/uploads\/2024\/05\/Photo-aerienne-du-Chateau-Gourgazaud-Liviniere.jpg","contentUrl":"https:\/\/gourgazaud.com\/wp-content\/uploads\/2024\/05\/Photo-aerienne-du-Chateau-Gourgazaud-Liviniere.jpg","width":1920,"height":899},{"@type":"BreadcrumbList","@id":"https:\/\/gourgazaud.com\/en\/#breadcrumb","itemListElement":[{"@type":"ListItem","position":1,"name":"Accueil","item":"https:\/\/gourgazaud.com\/en\/"},{"@type":"ListItem","position":2,"name":"Home"}]},{"@type":"WebSite","@id":"https:\/\/gourgazaud.com\/en\/#website","url":"https:\/\/gourgazaud.com\/en\/","name":"Ch\u00e2teau de Gourgazaud","description":"Grands vins de la Livini\u00e8re","publisher":{"@id":"https:\/\/gourgazaud.com\/en\/#organization"},"potentialAction":[{"@type":"SearchAction","target":{"@type":"EntryPoint","urlTemplate":"https:\/\/gourgazaud.com\/en\/?s={search_term_string}"},"query-input":{"@type":"PropertyValueSpecification","valueRequired":true,"valueName":"search_term_string"}}],"inLanguage":"en-US"},{"@type":"Organization","@id":"https:\/\/gourgazaud.com\/en\/#organization","name":"Ch\u00e2teau de Gourgazaud","url":"https:\/\/gourgazaud.com\/en\/","logo":{"@type":"ImageObject","inLanguage":"en-US","@id":"https:\/\/gourgazaud.com\/en\/#\/schema\/logo\/image\/","url":"https:\/\/gourgazaud.com\/wp-content\/uploads\/2024\/05\/Logo_chateau-de-gourgazaud.png","contentUrl":"https:\/\/gourgazaud.com\/wp-content\/uploads\/2024\/05\/Logo_chateau-de-gourgazaud.png","width":468,"height":309,"caption":"Ch\u00e2teau de Gourgazaud"},"image":{"@id":"https:\/\/gourgazaud.com\/en\/#\/schema\/logo\/image\/"},"sameAs":["https:\/\/www.facebook.com\/Chateaudegourgazaud\/","https:\/\/www.instagram.com\/chateau_de_gourgazaud\/"]}]}},"jetpack_sharing_enabled":true,"_links":{"self":[{"href":"https:\/\/gourgazaud.com\/en\/wp-json\/wp\/v2\/pages\/752","targetHints":{"allow":["GET"]}}],"collection":[{"href":"https:\/\/gourgazaud.com\/en\/wp-json\/wp\/v2\/pages"}],"about":[{"href":"https:\/\/gourgazaud.com\/en\/wp-json\/wp\/v2\/types\/page"}],"author":[{"embeddable":true,"href":"https:\/\/gourgazaud.com\/en\/wp-json\/wp\/v2\/users\/1"}],"replies":[{"embeddable":true,"href":"https:\/\/gourgazaud.com\/en\/wp-json\/wp\/v2\/comments?post=752"}],"version-history":[{"count":4,"href":"https:\/\/gourgazaud.com\/en\/wp-json\/wp\/v2\/pages\/752\/revisions"}],"predecessor-version":[{"id":799,"href":"https:\/\/gourgazaud.com\/en\/wp-json\/wp\/v2\/pages\/752\/revisions\/799"}],"wp:featuredmedia":[{"embeddable":true,"href":"https:\/\/gourgazaud.com\/en\/wp-json\/wp\/v2\/media\/616"}],"wp:attachment":[{"href":"https:\/\/gourgazaud.com\/en\/wp-json\/wp\/v2\/media?parent=752"}],"curies":[{"name":"wp","href":"https:\/\/api.w.org\/{rel}","templated":true}]}}