{"id":769,"date":"2024-05-08T17:26:36","date_gmt":"2024-05-08T15:26:36","guid":{"rendered":"https:\/\/dev3.estellemoulis-design.fr\/nous-contacter\/"},"modified":"2025-11-11T17:25:59","modified_gmt":"2025-11-11T16:25:59","slug":"contact-us","status":"publish","type":"page","link":"https:\/\/gourgazaud.com\/en\/contact-us\/","title":{"rendered":"Contact us"},"content":{"rendered":"<p>[et_pb_section fb_built=&#8221;1&#8243; _builder_version=&#8221;4.25.1&#8243; _module_preset=&#8221;default&#8221; background_image=&#8221;https:\/\/gourgazaud.com\/wp-content\/uploads\/2024\/05\/Bandeau-photo-vigne-duchateau-de-Gourgazaud.jpg&#8221; parallax=&#8221;on&#8221; height=&#8221;500px&#8221; global_colors_info=&#8221;{}&#8221;][et_pb_row use_custom_gutter=&#8221;on&#8221; gutter_width=&#8221;1&#8243; make_equal=&#8221;on&#8221; _builder_version=&#8221;4.25.1&#8243; _module_preset=&#8221;default&#8221; global_colors_info=&#8221;{}&#8221;][et_pb_column type=&#8221;4_4&#8243; _builder_version=&#8221;4.25.1&#8243; _module_preset=&#8221;default&#8221; global_colors_info=&#8221;{}&#8221;][et_pb_text _builder_version=&#8221;4.25.1&#8243; _module_preset=&#8221;default&#8221; header_font=&#8221;|||on|||||&#8221; header_text_color=&#8221;#FFFFFF&#8221; header_font_size=&#8221;70px&#8221; positioning=&#8221;absolute&#8221; position_origin_a=&#8221;top_center&#8221; vertical_offset=&#8221;90px&#8221; width=&#8221;100%&#8221; header_font_size_tablet=&#8221;60px&#8221; header_font_size_phone=&#8221;30px&#8221; header_font_size_last_edited=&#8221;on|phone&#8221; header_text_shadow_style=&#8221;preset2&#8243; header_text_shadow_color=&#8221;#000000&#8243; global_colors_info=&#8221;{}&#8221;]<\/p>\n<h1 style=\"text-align: center;\">CONTACT US<\/h1>\n<p>[\/et_pb_text][\/et_pb_column][\/et_pb_row][\/et_pb_section][et_pb_section fb_built=&#8221;1&#8243; _builder_version=&#8221;4.25.1&#8243; _module_preset=&#8221;default&#8221; global_colors_info=&#8221;{}&#8221;][et_pb_row _builder_version=&#8221;4.25.1&#8243; _module_preset=&#8221;default&#8221; global_colors_info=&#8221;{}&#8221;][et_pb_column type=&#8221;4_4&#8243; _builder_version=&#8221;4.25.1&#8243; _module_preset=&#8221;default&#8221; global_colors_info=&#8221;{}&#8221;][et_pb_text _builder_version=&#8221;4.25.1&#8243; _module_preset=&#8221;default&#8221; max_width_tablet=&#8221;100%&#8221; max_width_phone=&#8221;100%&#8221; max_width_last_edited=&#8221;on|tablet&#8221; module_alignment=&#8221;center&#8221; global_colors_info=&#8221;{}&#8221;]<\/p>\n<div class='fluentform ff-default fluentform_wrapper_3 ffs_default_wrap'><form data-form_id=\"3\" id=\"fluentform_3\" class=\"frm-fluent-form fluent_form_3 ff-el-form-top ff_form_instance_3_1 ff-form-loading ff_has_v3_recptcha ffs_default\" data-form_instance=\"ff_form_instance_3_1\" method=\"POST\" data-recptcha_key=\"6Ldk_vYpAAAAAOKG9ZmDABKpO06XMeFUE8IdrIUx\" ><fieldset  style=\"border: none!important;margin: 0!important;padding: 0!important;background-color: transparent!important;box-shadow: none!important;outline: none!important; min-inline-size: 100%;\">\n                    <legend class=\"ff_screen_reader_title\" style=\"display: block; margin: 0!important;padding: 0!important;height: 0!important;text-indent: -999999px;width: 0!important;overflow:hidden;\">Contact Form Anglais<\/legend><input type='hidden' name='__fluent_form_embded_post_id' value='769' \/><input type=\"hidden\" id=\"_fluentform_3_fluentformnonce\" name=\"_fluentform_3_fluentformnonce\" value=\"a647befea9\" \/><input type=\"hidden\" name=\"_wp_http_referer\" value=\"\/en\/wp-json\/wp\/v2\/pages\/769\" \/><div data-type=\"name-element\" data-name=\"names\" class=\" ff-field_container ff-name-field-wrapper\" ><div class='ff-t-container'><div class='ff-t-cell '><div class='ff-el-group'><div class=\"ff-el-input--label ff-el-is-required asterisk-right\"><label for='ff_3_names_first_name_' id='label_ff_3_names_first_name_' >First name<\/label><\/div><div class='ff-el-input--content'><input type=\"text\" name=\"names[first_name]\" id=\"ff_3_names_first_name_\" class=\"ff-el-form-control\" aria-invalid=\"false\" aria-required=true><\/div><\/div><\/div><div class='ff-t-cell '><div class='ff-el-group'><div class=\"ff-el-input--label ff-el-is-required asterisk-right\"><label for='ff_3_names_last_name_' id='label_ff_3_names_last_name_' >Last name<\/label><\/div><div class='ff-el-input--content'><input type=\"text\" name=\"names[last_name]\" id=\"ff_3_names_last_name_\" class=\"ff-el-form-control\" aria-invalid=\"false\" aria-required=true><\/div><\/div><\/div><\/div><\/div><div class='ff-el-group'><div class=\"ff-el-input--label ff-el-is-required asterisk-right\"><label for='ff_3_email' id='label_ff_3_email' aria-label=\"Email\">Email<\/label><\/div><div class='ff-el-input--content'><input type=\"email\" name=\"email\" id=\"ff_3_email\" class=\"ff-el-form-control\" data-name=\"email\"  aria-invalid=\"false\" aria-required=true><\/div><\/div><div class='ff-el-group'><div class=\"ff-el-input--label ff-el-is-required asterisk-right\"><label for='ff_3_message' id='label_ff_3_message' aria-label=\"Message\">Message<\/label><\/div><div class='ff-el-input--content'><textarea aria-required=\"true\" aria-labelledby=\"label_ff_3_message\" name=\"message\" id=\"ff_3_message\" class=\"ff-el-form-control\" rows=\"4\" cols=\"2\" data-name=\"message\" ><\/textarea><\/div><\/div><div class='ff-el-group ff-text-left ff_submit_btn_wrapper'><button type=\"submit\" class=\"ff-btn ff-btn-submit ff-btn-md ff_btn_style\"  aria-label=\"Send\">Send<\/button><\/div><\/fieldset><\/form><div id='fluentform_3_errors' class='ff-errors-in-stack ff_form_instance_3_1 ff-form-loading_errors ff_form_instance_3_1_errors'><\/div><\/div>            <script data-jetpack-boost=\"ignore\" type=\"text\/javascript\">\n                window.fluent_form_ff_form_instance_3_1 = {\"id\":\"3\",\"settings\":{\"layout\":{\"labelPlacement\":\"top\",\"helpMessagePlacement\":\"with_label\",\"errorMessagePlacement\":\"inline\",\"cssClassName\":\"\",\"asteriskPlacement\":\"asterisk-right\"},\"restrictions\":{\"denyEmptySubmission\":{\"enabled\":false}}},\"form_instance\":\"ff_form_instance_3_1\",\"form_id_selector\":\"fluentform_3\",\"rules\":{\"names[first_name]\":{\"required\":{\"value\":true,\"message\":\"This field is required\",\"global\":false,\"global_message\":\"Ce champ est obligatoire\"}},\"names[middle_name]\":{\"required\":{\"value\":false,\"message\":\"This field is required\",\"global\":false,\"global_message\":\"Ce champ est obligatoire\"}},\"names[last_name]\":{\"required\":{\"value\":true,\"message\":\"This field is required\",\"global\":false,\"global_message\":\"Ce champ est obligatoire\"}},\"email\":{\"required\":{\"value\":true,\"message\":\"This field is required\",\"global\":false,\"global_message\":\"Ce champ est obligatoire\"},\"email\":{\"value\":true,\"message\":\"This field must contain a valid email\",\"global\":false,\"global_message\":\"Ce champ doit contenir un e-mail valide\"}},\"message\":{\"required\":{\"value\":true,\"message\":\"This field is required\",\"global\":false,\"global_message\":\"Ce champ est obligatoire\"}},\"g-recaptcha-response\":[]},\"debounce_time\":300};\n                            <\/script>\n            \n<p>[\/et_pb_text][\/et_pb_column][\/et_pb_row][\/et_pb_section][et_pb_section fb_built=&#8221;1&#8243; fullwidth=&#8221;on&#8221; _builder_version=&#8221;4.25.1&#8243; _module_preset=&#8221;default&#8221; global_colors_info=&#8221;{}&#8221;][et_pb_fullwidth_code _builder_version=&#8221;4.25.1&#8243; _module_preset=&#8221;default&#8221; global_colors_info=&#8221;{}&#8221;]<iframe src=\"https:\/\/www.google.com\/maps\/embed?pb=!1m14!1m8!1m3!1d11615.5831382656!2d2.6170015!3d43.2955041!3m2!1i1024!2i768!4f13.1!3m3!1m2!1s0x12b1d0019ad3c293%3A0x7605bc1ab665d63b!2sCh%C3%A2teau%20de%20Gourgazaud!5e0!3m2!1sfr!2sfr!4v1716557717870!5m2!1sfr!2sfr\" width=\"100%\" height=\"500\" style=\"border:0;\" allowfullscreen=\"\" loading=\"lazy\" referrerpolicy=\"no-referrer-when-downgrade\"><\/iframe>[\/et_pb_fullwidth_code][\/et_pb_section]<\/p>\n","protected":false},"excerpt":{"rendered":"<p>CONTACT US<div class='fluentform ff-default fluentform_wrapper_3 ffs_default_wrap'><form data-form_id=\"3\" id=\"fluentform_3\" class=\"frm-fluent-form fluent_form_3 ff-el-form-top ff_form_instance_3_2 ff-form-loading ff_has_v3_recptcha ff_has_v3_recptcha ffs_default\" data-form_instance=\"ff_form_instance_3_2\" method=\"POST\" data-recptcha_key=\"6Ldk_vYpAAAAAOKG9ZmDABKpO06XMeFUE8IdrIUx\" ><fieldset  style=\"border: none!important;margin: 0!important;padding: 0!important;background-color: transparent!important;box-shadow: none!important;outline: none!important; min-inline-size: 100%;\">\n                    <legend class=\"ff_screen_reader_title\" style=\"display: block; margin: 0!important;padding: 0!important;height: 0!important;text-indent: -999999px;width: 0!important;overflow:hidden;\">Contact Form Anglais<\/legend><input type='hidden' name='__fluent_form_embded_post_id' value='769' \/><input type=\"hidden\" id=\"_fluentform_3_fluentformnonce\" name=\"_fluentform_3_fluentformnonce\" value=\"a647befea9\" \/><input type=\"hidden\" name=\"_wp_http_referer\" value=\"\/en\/wp-json\/wp\/v2\/pages\/769\" \/><div data-type=\"name-element\" data-name=\"names\" class=\" ff-field_container ff-name-field-wrapper\" ><div class='ff-t-container'><div class='ff-t-cell '><div class='ff-el-group'><div class=\"ff-el-input--label ff-el-is-required asterisk-right\"><label for='ff_3_2_names_first_name_' id='label_ff_3_2_names_first_name_' >First name<\/label><\/div><div class='ff-el-input--content'><input type=\"text\" name=\"names[first_name]\" id=\"ff_3_2_names_first_name_\" class=\"ff-el-form-control\" aria-invalid=\"false\" aria-required=true><\/div><\/div><\/div><div class='ff-t-cell '><div class='ff-el-group'><div class=\"ff-el-input--label ff-el-is-required asterisk-right\"><label for='ff_3_2_names_last_name_' id='label_ff_3_2_names_last_name_' >Last name<\/label><\/div><div class='ff-el-input--content'><input type=\"text\" name=\"names[last_name]\" id=\"ff_3_2_names_last_name_\" class=\"ff-el-form-control\" aria-invalid=\"false\" aria-required=true><\/div><\/div><\/div><\/div><\/div><div class='ff-el-group'><div class=\"ff-el-input--label ff-el-is-required asterisk-right\"><label for='ff_3_2_email' id='label_ff_3_2_email' aria-label=\"Email\">Email<\/label><\/div><div class='ff-el-input--content'><input type=\"email\" name=\"email\" id=\"ff_3_2_email\" class=\"ff-el-form-control\" data-name=\"email\"  aria-invalid=\"false\" aria-required=true><\/div><\/div><div class='ff-el-group'><div class=\"ff-el-input--label ff-el-is-required asterisk-right\"><label for='ff_3_2_message' id='label_ff_3_2_message' aria-label=\"Message\">Message<\/label><\/div><div class='ff-el-input--content'><textarea aria-required=\"true\" aria-labelledby=\"label_ff_3_2_message\" name=\"message\" id=\"ff_3_2_message\" class=\"ff-el-form-control\" rows=\"4\" cols=\"2\" data-name=\"message\" ><\/textarea><\/div><\/div><div class='ff-el-group ff-text-left ff_submit_btn_wrapper'><button type=\"submit\" class=\"ff-btn ff-btn-submit ff-btn-md ff_btn_style\"  aria-label=\"Send\">Send<\/button><\/div><\/fieldset><\/form><div id='fluentform_3_errors' class='ff-errors-in-stack ff_form_instance_3_2 ff-form-loading_errors ff_form_instance_3_2_errors'><\/div><\/div>            <script data-jetpack-boost=\"ignore\" type=\"text\/javascript\">\n                window.fluent_form_ff_form_instance_3_2 = {\"id\":\"3\",\"settings\":{\"layout\":{\"labelPlacement\":\"top\",\"helpMessagePlacement\":\"with_label\",\"errorMessagePlacement\":\"inline\",\"cssClassName\":\"\",\"asteriskPlacement\":\"asterisk-right\"},\"restrictions\":{\"denyEmptySubmission\":{\"enabled\":false}}},\"form_instance\":\"ff_form_instance_3_2\",\"form_id_selector\":\"fluentform_3\",\"rules\":{\"names[first_name]\":{\"required\":{\"value\":true,\"message\":\"This field is required\",\"global\":false,\"global_message\":\"Ce champ est obligatoire\"}},\"names[middle_name]\":{\"required\":{\"value\":false,\"message\":\"This field is required\",\"global\":false,\"global_message\":\"Ce champ est obligatoire\"}},\"names[last_name]\":{\"required\":{\"value\":true,\"message\":\"This field is required\",\"global\":false,\"global_message\":\"Ce champ est obligatoire\"}},\"email\":{\"required\":{\"value\":true,\"message\":\"This field is required\",\"global\":false,\"global_message\":\"Ce champ est obligatoire\"},\"email\":{\"value\":true,\"message\":\"This field must contain a valid email\",\"global\":false,\"global_message\":\"Ce champ doit contenir un e-mail valide\"}},\"message\":{\"required\":{\"value\":true,\"message\":\"This field is required\",\"global\":false,\"global_message\":\"Ce champ est obligatoire\"}},\"g-recaptcha-response\":[]},\"debounce_time\":300};\n                            <\/script>\n            <\/p>\n","protected":false},"author":1,"featured_media":616,"parent":0,"menu_order":0,"comment_status":"closed","ping_status":"closed","template":"","meta":{"_et_pb_use_builder":"on","_et_pb_old_content":"","_et_gb_content_width":"","footnotes":""},"class_list":["post-769","page","type-page","status-publish","has-post-thumbnail","hentry"],"yoast_head":"<!-- This site is optimized with the Yoast SEO plugin v27.3 - https:\/\/yoast.com\/product\/yoast-seo-wordpress\/ -->\n<title>CH\u00c2TEAU DE GOURGAZAUD | La Livini\u00e8re | Contact us<\/title>\n<meta name=\"description\" content=\"Ch\u00e2teau de Gourgazaud is a world unto itself. Perched in its pine forest and leaning against the foothills of the Montagne Noire.\" \/>\n<meta name=\"robots\" content=\"index, follow, max-snippet:-1, max-image-preview:large, max-video-preview:-1\" \/>\n<link rel=\"canonical\" href=\"https:\/\/gourgazaud.com\/en\/contact-us\/\" \/>\n<meta property=\"og:locale\" content=\"en_US\" \/>\n<meta property=\"og:type\" content=\"article\" \/>\n<meta property=\"og:title\" content=\"CH\u00c2TEAU DE GOURGAZAUD | La Livini\u00e8re | Contact us\" \/>\n<meta property=\"og:description\" content=\"Ch\u00e2teau de Gourgazaud is a world unto itself. Perched in its pine forest and leaning against the foothills of the Montagne Noire.\" \/>\n<meta property=\"og:url\" content=\"https:\/\/gourgazaud.com\/en\/contact-us\/\" \/>\n<meta property=\"og:site_name\" content=\"Ch\u00e2teau de Gourgazaud\" \/>\n<meta property=\"article:publisher\" content=\"https:\/\/www.facebook.com\/Chateaudegourgazaud\/\" \/>\n<meta property=\"article:modified_time\" content=\"2025-11-11T16:25:59+00:00\" \/>\n<meta property=\"og:image\" content=\"https:\/\/gourgazaud.com\/wp-content\/uploads\/2024\/05\/Photo-aerienne-du-Chateau-Gourgazaud-Liviniere.jpg\" \/>\n\t<meta property=\"og:image:width\" content=\"1920\" \/>\n\t<meta property=\"og:image:height\" content=\"899\" \/>\n\t<meta property=\"og:image:type\" content=\"image\/jpeg\" \/>\n<meta name=\"twitter:card\" content=\"summary_large_image\" \/>\n<meta name=\"twitter:label1\" content=\"Est. reading time\" \/>\n\t<meta name=\"twitter:data1\" content=\"1 minute\" \/>\n<script type=\"application\/ld+json\" class=\"yoast-schema-graph\">{\"@context\":\"https:\\\/\\\/schema.org\",\"@graph\":[{\"@type\":\"WebPage\",\"@id\":\"https:\\\/\\\/gourgazaud.com\\\/en\\\/contact-us\\\/\",\"url\":\"https:\\\/\\\/gourgazaud.com\\\/en\\\/contact-us\\\/\",\"name\":\"CH\u00c2TEAU DE GOURGAZAUD | La Livini\u00e8re | Contact us\",\"isPartOf\":{\"@id\":\"https:\\\/\\\/gourgazaud.com\\\/en\\\/#website\"},\"primaryImageOfPage\":{\"@id\":\"https:\\\/\\\/gourgazaud.com\\\/en\\\/contact-us\\\/#primaryimage\"},\"image\":{\"@id\":\"https:\\\/\\\/gourgazaud.com\\\/en\\\/contact-us\\\/#primaryimage\"},\"thumbnailUrl\":\"https:\\\/\\\/gourgazaud.com\\\/wp-content\\\/uploads\\\/2024\\\/05\\\/Photo-aerienne-du-Chateau-Gourgazaud-Liviniere.jpg\",\"datePublished\":\"2024-05-08T15:26:36+00:00\",\"dateModified\":\"2025-11-11T16:25:59+00:00\",\"description\":\"Ch\u00e2teau de Gourgazaud is a world unto itself. Perched in its pine forest and leaning against the foothills of the Montagne Noire.\",\"breadcrumb\":{\"@id\":\"https:\\\/\\\/gourgazaud.com\\\/en\\\/contact-us\\\/#breadcrumb\"},\"inLanguage\":\"en-US\",\"potentialAction\":[{\"@type\":\"ReadAction\",\"target\":[\"https:\\\/\\\/gourgazaud.com\\\/en\\\/contact-us\\\/\"]}]},{\"@type\":\"ImageObject\",\"inLanguage\":\"en-US\",\"@id\":\"https:\\\/\\\/gourgazaud.com\\\/en\\\/contact-us\\\/#primaryimage\",\"url\":\"https:\\\/\\\/gourgazaud.com\\\/wp-content\\\/uploads\\\/2024\\\/05\\\/Photo-aerienne-du-Chateau-Gourgazaud-Liviniere.jpg\",\"contentUrl\":\"https:\\\/\\\/gourgazaud.com\\\/wp-content\\\/uploads\\\/2024\\\/05\\\/Photo-aerienne-du-Chateau-Gourgazaud-Liviniere.jpg\",\"width\":1920,\"height\":899},{\"@type\":\"BreadcrumbList\",\"@id\":\"https:\\\/\\\/gourgazaud.com\\\/en\\\/contact-us\\\/#breadcrumb\",\"itemListElement\":[{\"@type\":\"ListItem\",\"position\":1,\"name\":\"Accueil\",\"item\":\"https:\\\/\\\/gourgazaud.com\\\/en\\\/\"},{\"@type\":\"ListItem\",\"position\":2,\"name\":\"Contact us\"}]},{\"@type\":\"WebSite\",\"@id\":\"https:\\\/\\\/gourgazaud.com\\\/en\\\/#website\",\"url\":\"https:\\\/\\\/gourgazaud.com\\\/en\\\/\",\"name\":\"Ch\u00e2teau de Gourgazaud\",\"description\":\"Grands vins de la Livini\u00e8re\",\"publisher\":{\"@id\":\"https:\\\/\\\/gourgazaud.com\\\/en\\\/#organization\"},\"potentialAction\":[{\"@type\":\"SearchAction\",\"target\":{\"@type\":\"EntryPoint\",\"urlTemplate\":\"https:\\\/\\\/gourgazaud.com\\\/en\\\/?s={search_term_string}\"},\"query-input\":{\"@type\":\"PropertyValueSpecification\",\"valueRequired\":true,\"valueName\":\"search_term_string\"}}],\"inLanguage\":\"en-US\"},{\"@type\":\"Organization\",\"@id\":\"https:\\\/\\\/gourgazaud.com\\\/en\\\/#organization\",\"name\":\"Ch\u00e2teau de Gourgazaud\",\"url\":\"https:\\\/\\\/gourgazaud.com\\\/en\\\/\",\"logo\":{\"@type\":\"ImageObject\",\"inLanguage\":\"en-US\",\"@id\":\"https:\\\/\\\/gourgazaud.com\\\/en\\\/#\\\/schema\\\/logo\\\/image\\\/\",\"url\":\"https:\\\/\\\/gourgazaud.com\\\/wp-content\\\/uploads\\\/2024\\\/05\\\/Logo_chateau-de-gourgazaud.png\",\"contentUrl\":\"https:\\\/\\\/gourgazaud.com\\\/wp-content\\\/uploads\\\/2024\\\/05\\\/Logo_chateau-de-gourgazaud.png\",\"width\":468,\"height\":309,\"caption\":\"Ch\u00e2teau de Gourgazaud\"},\"image\":{\"@id\":\"https:\\\/\\\/gourgazaud.com\\\/en\\\/#\\\/schema\\\/logo\\\/image\\\/\"},\"sameAs\":[\"https:\\\/\\\/www.facebook.com\\\/Chateaudegourgazaud\\\/\",\"https:\\\/\\\/www.instagram.com\\\/chateau_de_gourgazaud\\\/\"]}]}<\/script>\n<!-- \/ Yoast SEO plugin. -->","yoast_head_json":{"title":"CH\u00c2TEAU DE GOURGAZAUD | La Livini\u00e8re | Contact us","description":"Ch\u00e2teau de Gourgazaud is a world unto itself. Perched in its pine forest and leaning against the foothills of the Montagne Noire.","robots":{"index":"index","follow":"follow","max-snippet":"max-snippet:-1","max-image-preview":"max-image-preview:large","max-video-preview":"max-video-preview:-1"},"canonical":"https:\/\/gourgazaud.com\/en\/contact-us\/","og_locale":"en_US","og_type":"article","og_title":"CH\u00c2TEAU DE GOURGAZAUD | La Livini\u00e8re | Contact us","og_description":"Ch\u00e2teau de Gourgazaud is a world unto itself. Perched in its pine forest and leaning against the foothills of the Montagne Noire.","og_url":"https:\/\/gourgazaud.com\/en\/contact-us\/","og_site_name":"Ch\u00e2teau de Gourgazaud","article_publisher":"https:\/\/www.facebook.com\/Chateaudegourgazaud\/","article_modified_time":"2025-11-11T16:25:59+00:00","og_image":[{"width":1920,"height":899,"url":"https:\/\/gourgazaud.com\/wp-content\/uploads\/2024\/05\/Photo-aerienne-du-Chateau-Gourgazaud-Liviniere.jpg","type":"image\/jpeg"}],"twitter_card":"summary_large_image","twitter_misc":{"Est. reading time":"1 minute"},"schema":{"@context":"https:\/\/schema.org","@graph":[{"@type":"WebPage","@id":"https:\/\/gourgazaud.com\/en\/contact-us\/","url":"https:\/\/gourgazaud.com\/en\/contact-us\/","name":"CH\u00c2TEAU DE GOURGAZAUD | La Livini\u00e8re | Contact us","isPartOf":{"@id":"https:\/\/gourgazaud.com\/en\/#website"},"primaryImageOfPage":{"@id":"https:\/\/gourgazaud.com\/en\/contact-us\/#primaryimage"},"image":{"@id":"https:\/\/gourgazaud.com\/en\/contact-us\/#primaryimage"},"thumbnailUrl":"https:\/\/gourgazaud.com\/wp-content\/uploads\/2024\/05\/Photo-aerienne-du-Chateau-Gourgazaud-Liviniere.jpg","datePublished":"2024-05-08T15:26:36+00:00","dateModified":"2025-11-11T16:25:59+00:00","description":"Ch\u00e2teau de Gourgazaud is a world unto itself. Perched in its pine forest and leaning against the foothills of the Montagne Noire.","breadcrumb":{"@id":"https:\/\/gourgazaud.com\/en\/contact-us\/#breadcrumb"},"inLanguage":"en-US","potentialAction":[{"@type":"ReadAction","target":["https:\/\/gourgazaud.com\/en\/contact-us\/"]}]},{"@type":"ImageObject","inLanguage":"en-US","@id":"https:\/\/gourgazaud.com\/en\/contact-us\/#primaryimage","url":"https:\/\/gourgazaud.com\/wp-content\/uploads\/2024\/05\/Photo-aerienne-du-Chateau-Gourgazaud-Liviniere.jpg","contentUrl":"https:\/\/gourgazaud.com\/wp-content\/uploads\/2024\/05\/Photo-aerienne-du-Chateau-Gourgazaud-Liviniere.jpg","width":1920,"height":899},{"@type":"BreadcrumbList","@id":"https:\/\/gourgazaud.com\/en\/contact-us\/#breadcrumb","itemListElement":[{"@type":"ListItem","position":1,"name":"Accueil","item":"https:\/\/gourgazaud.com\/en\/"},{"@type":"ListItem","position":2,"name":"Contact us"}]},{"@type":"WebSite","@id":"https:\/\/gourgazaud.com\/en\/#website","url":"https:\/\/gourgazaud.com\/en\/","name":"Ch\u00e2teau de Gourgazaud","description":"Grands vins de la Livini\u00e8re","publisher":{"@id":"https:\/\/gourgazaud.com\/en\/#organization"},"potentialAction":[{"@type":"SearchAction","target":{"@type":"EntryPoint","urlTemplate":"https:\/\/gourgazaud.com\/en\/?s={search_term_string}"},"query-input":{"@type":"PropertyValueSpecification","valueRequired":true,"valueName":"search_term_string"}}],"inLanguage":"en-US"},{"@type":"Organization","@id":"https:\/\/gourgazaud.com\/en\/#organization","name":"Ch\u00e2teau de Gourgazaud","url":"https:\/\/gourgazaud.com\/en\/","logo":{"@type":"ImageObject","inLanguage":"en-US","@id":"https:\/\/gourgazaud.com\/en\/#\/schema\/logo\/image\/","url":"https:\/\/gourgazaud.com\/wp-content\/uploads\/2024\/05\/Logo_chateau-de-gourgazaud.png","contentUrl":"https:\/\/gourgazaud.com\/wp-content\/uploads\/2024\/05\/Logo_chateau-de-gourgazaud.png","width":468,"height":309,"caption":"Ch\u00e2teau de Gourgazaud"},"image":{"@id":"https:\/\/gourgazaud.com\/en\/#\/schema\/logo\/image\/"},"sameAs":["https:\/\/www.facebook.com\/Chateaudegourgazaud\/","https:\/\/www.instagram.com\/chateau_de_gourgazaud\/"]}]}},"jetpack_sharing_enabled":true,"_links":{"self":[{"href":"https:\/\/gourgazaud.com\/en\/wp-json\/wp\/v2\/pages\/769","targetHints":{"allow":["GET"]}}],"collection":[{"href":"https:\/\/gourgazaud.com\/en\/wp-json\/wp\/v2\/pages"}],"about":[{"href":"https:\/\/gourgazaud.com\/en\/wp-json\/wp\/v2\/types\/page"}],"author":[{"embeddable":true,"href":"https:\/\/gourgazaud.com\/en\/wp-json\/wp\/v2\/users\/1"}],"replies":[{"embeddable":true,"href":"https:\/\/gourgazaud.com\/en\/wp-json\/wp\/v2\/comments?post=769"}],"version-history":[{"count":5,"href":"https:\/\/gourgazaud.com\/en\/wp-json\/wp\/v2\/pages\/769\/revisions"}],"predecessor-version":[{"id":12246,"href":"https:\/\/gourgazaud.com\/en\/wp-json\/wp\/v2\/pages\/769\/revisions\/12246"}],"wp:featuredmedia":[{"embeddable":true,"href":"https:\/\/gourgazaud.com\/en\/wp-json\/wp\/v2\/media\/616"}],"wp:attachment":[{"href":"https:\/\/gourgazaud.com\/en\/wp-json\/wp\/v2\/media?parent=769"}],"curies":[{"name":"wp","href":"https:\/\/api.w.org\/{rel}","templated":true}]}}